{"id":38965,"date":"2024-06-12T15:53:51","date_gmt":"2024-06-12T13:53:51","guid":{"rendered":"https:\/\/hill.insyde.at\/?post_type=product&#038;p=38965"},"modified":"2025-06-23T11:24:17","modified_gmt":"2025-06-23T09:24:17","slug":"secco-rose-pink-ribbon-edition-alkoholfrei","status":"publish","type":"product","link":"https:\/\/www.leo-hillinger.com\/en\/produkt\/secco-rose-pink-ribbon-edition-alkoholfrei\/","title":{"rendered":"Secco Ros\u00e9 Pink Ribbon Edition &#8211; Alkoholfrei"},"content":{"rendered":"<p>Secco Ros\u00e9 Pink Ribbon Edition alkoholfrei &#8211; ein Geschmackserlebnis der Extraklasse und das ganz ohne Alkohol!<\/p>\n<p>Die fruchtige Kreation mit feiner Perlage verzaubert mit einem Bouquet aus frischen Erdbeeren. Die harmonisch integrierte S\u00e4ure und das ausgewogene Finish machen jeden Schluck zum Genuss. Perfekt f\u00fcr alle, die bewusst auf Alkohol, nicht jedoch auf das richtige Prickeln im Glas verzichten m\u00f6chten.<\/p>\n<p>Leo Hillinger ist Pink Ribbon Partner der ersten Stunde. Als Zeichen der Solidarit\u00e4t und als Symbol der Partnerschaft mit der \u00d6sterreichischen Krebshilfe, tr\u00e4gt jedes Produkt unserer Secco Ros\u00e9 Pink Ribbon Edition die rosa Schleife. Ein Teil vom Verkaufserl\u00f6s jeder Flasche geht an die \u00d6sterreichische Krebshilfe.<\/p>\n","protected":false},"excerpt":{"rendered":"<p>SECCO<br \/>\n0,75 L<\/p>\n","protected":false},"featured_media":48631,"comment_status":"closed","ping_status":"closed","template":"","meta":{"_acf_changed":false,"ocean_post_layout":"","ocean_both_sidebars_style":"","ocean_both_sidebars_content_width":0,"ocean_both_sidebars_sidebars_width":0,"ocean_sidebar":"0","ocean_second_sidebar":"0","ocean_disable_margins":"enable","ocean_add_body_class":"","ocean_shortcode_before_top_bar":"","ocean_shortcode_after_top_bar":"","ocean_shortcode_before_header":"","ocean_shortcode_after_header":"","ocean_has_shortcode":"","ocean_shortcode_after_title":"","ocean_shortcode_before_footer_widgets":"","ocean_shortcode_after_footer_widgets":"","ocean_shortcode_before_footer_bottom":"","ocean_shortcode_after_footer_bottom":"","ocean_display_top_bar":"default","ocean_display_header":"default","ocean_header_style":"","ocean_center_header_left_menu":"0","ocean_custom_header_template":"0","ocean_custom_logo":0,"ocean_custom_retina_logo":0,"ocean_custom_logo_max_width":0,"ocean_custom_logo_tablet_max_width":0,"ocean_custom_logo_mobile_max_width":0,"ocean_custom_logo_max_height":0,"ocean_custom_logo_tablet_max_height":0,"ocean_custom_logo_mobile_max_height":0,"ocean_header_custom_menu":"0","ocean_menu_typo_font_family":"0","ocean_menu_typo_font_subset":"","ocean_menu_typo_font_size":0,"ocean_menu_typo_font_size_tablet":0,"ocean_menu_typo_font_size_mobile":0,"ocean_menu_typo_font_size_unit":"px","ocean_menu_typo_font_weight":"","ocean_menu_typo_font_weight_tablet":"","ocean_menu_typo_font_weight_mobile":"","ocean_menu_typo_transform":"","ocean_menu_typo_transform_tablet":"","ocean_menu_typo_transform_mobile":"","ocean_menu_typo_line_height":0,"ocean_menu_typo_line_height_tablet":0,"ocean_menu_typo_line_height_mobile":0,"ocean_menu_typo_line_height_unit":"","ocean_menu_typo_spacing":0,"ocean_menu_typo_spacing_tablet":0,"ocean_menu_typo_spacing_mobile":0,"ocean_menu_typo_spacing_unit":"","ocean_menu_link_color":"","ocean_menu_link_color_hover":"","ocean_menu_link_color_active":"","ocean_menu_link_background":"","ocean_menu_link_hover_background":"","ocean_menu_link_active_background":"","ocean_menu_social_links_bg":"","ocean_menu_social_hover_links_bg":"","ocean_menu_social_links_color":"","ocean_menu_social_hover_links_color":"","ocean_disable_title":"default","ocean_disable_heading":"default","ocean_post_title":"","ocean_post_subheading":"","ocean_post_title_style":"","ocean_post_title_background_color":"","ocean_post_title_background":0,"ocean_post_title_bg_image_position":"","ocean_post_title_bg_image_attachment":"","ocean_post_title_bg_image_repeat":"","ocean_post_title_bg_image_size":"","ocean_post_title_height":0,"ocean_post_title_bg_overlay":0.5,"ocean_post_title_bg_overlay_color":"","ocean_disable_breadcrumbs":"default","ocean_breadcrumbs_color":"","ocean_breadcrumbs_separator_color":"","ocean_breadcrumbs_links_color":"","ocean_breadcrumbs_links_hover_color":"","ocean_display_footer_widgets":"default","ocean_display_footer_bottom":"default","ocean_custom_footer_template":"0","_links_to":"","_links_to_target":""},"product_brand":[],"product_cat":[40,38],"product_tag":[],"giftcard-category":[],"class_list":{"0":"post-38965","1":"product","2":"type-product","3":"status-publish","4":"has-post-thumbnail","6":"product_cat-rose","7":"product_cat-trendy-weine","9":"entry","10":"has-media","12":"first","13":"instock","14":"taxable","15":"shipping-taxable","16":"purchasable","17":"product-type-simple","18":"col","19":"span_1_of_4","20":"owp-content-left","21":"item-entry","22":"owp-thumbs-layout-vertical","23":"owp-btn-big","24":"owp-tabs-layout-horizontal","25":"has-no-thumbnails"},"acf":{"wine-award-titel":"Austrian Zero Award","wine-award-pdf":48633,"wine-award-titel_2":"","wine-award-pdf_2":"","wine-award-titel_3":"","wine-award-pdf_3":"","wine-award-titel_4":"","wine-award-pdf_4":""},"yoast_head":"<!-- This site is optimized with the Yoast SEO plugin v27.3 - https:\/\/yoast.com\/product\/yoast-seo-wordpress\/ -->\n<title>Secco Ros\u00e9 Pink Ribbon Edition - Alkoholfrei - Leo Hillinger<\/title>\n<meta name=\"robots\" content=\"index, follow, max-snippet:-1, max-image-preview:large, max-video-preview:-1\" \/>\n<link rel=\"canonical\" href=\"https:\/\/www.leo-hillinger.com\/produkt\/secco-rose-pink-ribbon-edition-alkoholfrei\/\" \/>\n<meta property=\"og:locale\" content=\"en_US\" \/>\n<meta property=\"og:type\" content=\"article\" \/>\n<meta property=\"og:title\" content=\"Secco Ros\u00e9 Pink Ribbon Edition - Alkoholfrei - Leo Hillinger\" \/>\n<meta property=\"og:description\" content=\"SECCO 0,75 L\" \/>\n<meta property=\"og:url\" content=\"https:\/\/www.leo-hillinger.com\/produkt\/secco-rose-pink-ribbon-edition-alkoholfrei\/\" \/>\n<meta property=\"og:site_name\" content=\"Leo Hillinger\" \/>\n<meta property=\"article:modified_time\" content=\"2025-06-23T09:24:17+00:00\" \/>\n<meta property=\"og:image\" content=\"https:\/\/www.leo-hillinger.com\/wp-content\/uploads\/2024\/06\/Secco-Zero.png\" \/>\n\t<meta property=\"og:image:width\" content=\"664\" \/>\n\t<meta property=\"og:image:height\" content=\"789\" \/>\n\t<meta property=\"og:image:type\" content=\"image\/png\" \/>\n<meta name=\"twitter:card\" content=\"summary_large_image\" \/>\n<meta name=\"twitter:label1\" content=\"Est. reading time\" \/>\n\t<meta name=\"twitter:data1\" content=\"1 minute\" \/>\n<script type=\"application\/ld+json\" class=\"yoast-schema-graph\">{\"@context\":\"https:\\\/\\\/schema.org\",\"@graph\":[{\"@type\":\"WebPage\",\"@id\":\"https:\\\/\\\/www.leo-hillinger.com\\\/produkt\\\/secco-rose-pink-ribbon-edition-alkoholfrei\\\/\",\"url\":\"https:\\\/\\\/www.leo-hillinger.com\\\/produkt\\\/secco-rose-pink-ribbon-edition-alkoholfrei\\\/\",\"name\":\"Secco Ros\u00e9 Pink Ribbon Edition - Alkoholfrei - Leo Hillinger\",\"isPartOf\":{\"@id\":\"https:\\\/\\\/www.leo-hillinger.com\\\/#website\"},\"primaryImageOfPage\":{\"@id\":\"https:\\\/\\\/www.leo-hillinger.com\\\/produkt\\\/secco-rose-pink-ribbon-edition-alkoholfrei\\\/#primaryimage\"},\"image\":{\"@id\":\"https:\\\/\\\/www.leo-hillinger.com\\\/produkt\\\/secco-rose-pink-ribbon-edition-alkoholfrei\\\/#primaryimage\"},\"thumbnailUrl\":\"https:\\\/\\\/www.leo-hillinger.com\\\/wp-content\\\/uploads\\\/2024\\\/06\\\/Secco-Zero.png\",\"datePublished\":\"2024-06-12T13:53:51+00:00\",\"dateModified\":\"2025-06-23T09:24:17+00:00\",\"breadcrumb\":{\"@id\":\"https:\\\/\\\/www.leo-hillinger.com\\\/produkt\\\/secco-rose-pink-ribbon-edition-alkoholfrei\\\/#breadcrumb\"},\"inLanguage\":\"en-US\",\"potentialAction\":[{\"@type\":\"ReadAction\",\"target\":[\"https:\\\/\\\/www.leo-hillinger.com\\\/produkt\\\/secco-rose-pink-ribbon-edition-alkoholfrei\\\/\"]}]},{\"@type\":\"ImageObject\",\"inLanguage\":\"en-US\",\"@id\":\"https:\\\/\\\/www.leo-hillinger.com\\\/produkt\\\/secco-rose-pink-ribbon-edition-alkoholfrei\\\/#primaryimage\",\"url\":\"https:\\\/\\\/www.leo-hillinger.com\\\/wp-content\\\/uploads\\\/2024\\\/06\\\/Secco-Zero.png\",\"contentUrl\":\"https:\\\/\\\/www.leo-hillinger.com\\\/wp-content\\\/uploads\\\/2024\\\/06\\\/Secco-Zero.png\",\"width\":664,\"height\":789,\"caption\":\"Secco Zero\"},{\"@type\":\"BreadcrumbList\",\"@id\":\"https:\\\/\\\/www.leo-hillinger.com\\\/produkt\\\/secco-rose-pink-ribbon-edition-alkoholfrei\\\/#breadcrumb\",\"itemListElement\":[{\"@type\":\"ListItem\",\"position\":1,\"name\":\"zur Startseite\",\"item\":\"https:\\\/\\\/www.leo-hillinger.com\\\/en\\\/\"},{\"@type\":\"ListItem\",\"position\":2,\"name\":\"Webshop\",\"item\":\"https:\\\/\\\/www.leo-hillinger.com\\\/en\\\/webshop\\\/\"},{\"@type\":\"ListItem\",\"position\":3,\"name\":\"Weine\",\"item\":\"https:\\\/\\\/www.leo-hillinger.com\\\/produkt-kategorie\\\/weine\\\/\"},{\"@type\":\"ListItem\",\"position\":4,\"name\":\"ros\u00e9\",\"item\":\"https:\\\/\\\/www.leo-hillinger.com\\\/produkt-kategorie\\\/weine\\\/rose\\\/\"},{\"@type\":\"ListItem\",\"position\":5,\"name\":\"Secco Ros\u00e9 Pink Ribbon Edition &#8211; Alkoholfrei\"}]},{\"@type\":\"WebSite\",\"@id\":\"https:\\\/\\\/www.leo-hillinger.com\\\/#website\",\"url\":\"https:\\\/\\\/www.leo-hillinger.com\\\/\",\"name\":\"Leo Hillinger\",\"description\":\"more than wine!\",\"publisher\":{\"@id\":\"https:\\\/\\\/www.leo-hillinger.com\\\/#organization\"},\"potentialAction\":[{\"@type\":\"SearchAction\",\"target\":{\"@type\":\"EntryPoint\",\"urlTemplate\":\"https:\\\/\\\/www.leo-hillinger.com\\\/?s={search_term_string}\"},\"query-input\":{\"@type\":\"PropertyValueSpecification\",\"valueRequired\":true,\"valueName\":\"search_term_string\"}}],\"inLanguage\":\"en-US\"},{\"@type\":\"Organization\",\"@id\":\"https:\\\/\\\/www.leo-hillinger.com\\\/#organization\",\"name\":\"Leo Hillinger\",\"url\":\"https:\\\/\\\/www.leo-hillinger.com\\\/\",\"logo\":{\"@type\":\"ImageObject\",\"inLanguage\":\"en-US\",\"@id\":\"https:\\\/\\\/www.leo-hillinger.com\\\/#\\\/schema\\\/logo\\\/image\\\/\",\"url\":\"https:\\\/\\\/www.leo-hillinger.com\\\/wp-content\\\/uploads\\\/2024\\\/09\\\/Logo.svg\",\"contentUrl\":\"https:\\\/\\\/www.leo-hillinger.com\\\/wp-content\\\/uploads\\\/2024\\\/09\\\/Logo.svg\",\"caption\":\"Leo Hillinger\"},\"image\":{\"@id\":\"https:\\\/\\\/www.leo-hillinger.com\\\/#\\\/schema\\\/logo\\\/image\\\/\"}}]}<\/script>\n<!-- \/ Yoast SEO plugin. -->","yoast_head_json":{"title":"Secco Ros\u00e9 Pink Ribbon Edition - Alkoholfrei - Leo Hillinger","robots":{"index":"index","follow":"follow","max-snippet":"max-snippet:-1","max-image-preview":"max-image-preview:large","max-video-preview":"max-video-preview:-1"},"canonical":"https:\/\/www.leo-hillinger.com\/produkt\/secco-rose-pink-ribbon-edition-alkoholfrei\/","og_locale":"en_US","og_type":"article","og_title":"Secco Ros\u00e9 Pink Ribbon Edition - Alkoholfrei - Leo Hillinger","og_description":"SECCO 0,75 L","og_url":"https:\/\/www.leo-hillinger.com\/produkt\/secco-rose-pink-ribbon-edition-alkoholfrei\/","og_site_name":"Leo Hillinger","article_modified_time":"2025-06-23T09:24:17+00:00","og_image":[{"width":664,"height":789,"url":"https:\/\/www.leo-hillinger.com\/wp-content\/uploads\/2024\/06\/Secco-Zero.png","type":"image\/png"}],"twitter_card":"summary_large_image","twitter_misc":{"Est. reading time":"1 minute"},"schema":{"@context":"https:\/\/schema.org","@graph":[{"@type":"WebPage","@id":"https:\/\/www.leo-hillinger.com\/produkt\/secco-rose-pink-ribbon-edition-alkoholfrei\/","url":"https:\/\/www.leo-hillinger.com\/produkt\/secco-rose-pink-ribbon-edition-alkoholfrei\/","name":"Secco Ros\u00e9 Pink Ribbon Edition - Alkoholfrei - Leo Hillinger","isPartOf":{"@id":"https:\/\/www.leo-hillinger.com\/#website"},"primaryImageOfPage":{"@id":"https:\/\/www.leo-hillinger.com\/produkt\/secco-rose-pink-ribbon-edition-alkoholfrei\/#primaryimage"},"image":{"@id":"https:\/\/www.leo-hillinger.com\/produkt\/secco-rose-pink-ribbon-edition-alkoholfrei\/#primaryimage"},"thumbnailUrl":"https:\/\/www.leo-hillinger.com\/wp-content\/uploads\/2024\/06\/Secco-Zero.png","datePublished":"2024-06-12T13:53:51+00:00","dateModified":"2025-06-23T09:24:17+00:00","breadcrumb":{"@id":"https:\/\/www.leo-hillinger.com\/produkt\/secco-rose-pink-ribbon-edition-alkoholfrei\/#breadcrumb"},"inLanguage":"en-US","potentialAction":[{"@type":"ReadAction","target":["https:\/\/www.leo-hillinger.com\/produkt\/secco-rose-pink-ribbon-edition-alkoholfrei\/"]}]},{"@type":"ImageObject","inLanguage":"en-US","@id":"https:\/\/www.leo-hillinger.com\/produkt\/secco-rose-pink-ribbon-edition-alkoholfrei\/#primaryimage","url":"https:\/\/www.leo-hillinger.com\/wp-content\/uploads\/2024\/06\/Secco-Zero.png","contentUrl":"https:\/\/www.leo-hillinger.com\/wp-content\/uploads\/2024\/06\/Secco-Zero.png","width":664,"height":789,"caption":"Secco Zero"},{"@type":"BreadcrumbList","@id":"https:\/\/www.leo-hillinger.com\/produkt\/secco-rose-pink-ribbon-edition-alkoholfrei\/#breadcrumb","itemListElement":[{"@type":"ListItem","position":1,"name":"zur Startseite","item":"https:\/\/www.leo-hillinger.com\/en\/"},{"@type":"ListItem","position":2,"name":"Webshop","item":"https:\/\/www.leo-hillinger.com\/en\/webshop\/"},{"@type":"ListItem","position":3,"name":"Weine","item":"https:\/\/www.leo-hillinger.com\/produkt-kategorie\/weine\/"},{"@type":"ListItem","position":4,"name":"ros\u00e9","item":"https:\/\/www.leo-hillinger.com\/produkt-kategorie\/weine\/rose\/"},{"@type":"ListItem","position":5,"name":"Secco Ros\u00e9 Pink Ribbon Edition &#8211; Alkoholfrei"}]},{"@type":"WebSite","@id":"https:\/\/www.leo-hillinger.com\/#website","url":"https:\/\/www.leo-hillinger.com\/","name":"Leo Hillinger","description":"more than wine!","publisher":{"@id":"https:\/\/www.leo-hillinger.com\/#organization"},"potentialAction":[{"@type":"SearchAction","target":{"@type":"EntryPoint","urlTemplate":"https:\/\/www.leo-hillinger.com\/?s={search_term_string}"},"query-input":{"@type":"PropertyValueSpecification","valueRequired":true,"valueName":"search_term_string"}}],"inLanguage":"en-US"},{"@type":"Organization","@id":"https:\/\/www.leo-hillinger.com\/#organization","name":"Leo Hillinger","url":"https:\/\/www.leo-hillinger.com\/","logo":{"@type":"ImageObject","inLanguage":"en-US","@id":"https:\/\/www.leo-hillinger.com\/#\/schema\/logo\/image\/","url":"https:\/\/www.leo-hillinger.com\/wp-content\/uploads\/2024\/09\/Logo.svg","contentUrl":"https:\/\/www.leo-hillinger.com\/wp-content\/uploads\/2024\/09\/Logo.svg","caption":"Leo Hillinger"},"image":{"@id":"https:\/\/www.leo-hillinger.com\/#\/schema\/logo\/image\/"}}]}},"_links":{"self":[{"href":"https:\/\/www.leo-hillinger.com\/en\/wp-json\/wp\/v2\/product\/38965","targetHints":{"allow":["GET"]}}],"collection":[{"href":"https:\/\/www.leo-hillinger.com\/en\/wp-json\/wp\/v2\/product"}],"about":[{"href":"https:\/\/www.leo-hillinger.com\/en\/wp-json\/wp\/v2\/types\/product"}],"replies":[{"embeddable":true,"href":"https:\/\/www.leo-hillinger.com\/en\/wp-json\/wp\/v2\/comments?post=38965"}],"wp:featuredmedia":[{"embeddable":true,"href":"https:\/\/www.leo-hillinger.com\/en\/wp-json\/wp\/v2\/media\/48631"}],"wp:attachment":[{"href":"https:\/\/www.leo-hillinger.com\/en\/wp-json\/wp\/v2\/media?parent=38965"}],"wp:term":[{"taxonomy":"product_brand","embeddable":true,"href":"https:\/\/www.leo-hillinger.com\/en\/wp-json\/wp\/v2\/product_brand?post=38965"},{"taxonomy":"product_cat","embeddable":true,"href":"https:\/\/www.leo-hillinger.com\/en\/wp-json\/wp\/v2\/product_cat?post=38965"},{"taxonomy":"product_tag","embeddable":true,"href":"https:\/\/www.leo-hillinger.com\/en\/wp-json\/wp\/v2\/product_tag?post=38965"},{"taxonomy":"giftcard-category","embeddable":true,"href":"https:\/\/www.leo-hillinger.com\/en\/wp-json\/wp\/v2\/giftcard-category?post=38965"}],"curies":[{"name":"wp","href":"https:\/\/api.w.org\/{rel}","templated":true}]}}